{"id":1294,"date":"2025-11-05T14:37:14","date_gmt":"2025-11-05T14:37:14","guid":{"rendered":"https:\/\/souri-verte.com\/?page_id=1294"},"modified":"2025-11-05T15:02:22","modified_gmt":"2025-11-05T15:02:22","slug":"contact-2","status":"publish","type":"page","link":"https:\/\/souri-verte.com\/index.php\/contact-2\/","title":{"rendered":"Demande de devis"},"content":{"rendered":"\n<style type=\"text\/css\" data-created_by=\"avia_inline_auto\" id=\"style-css-av-mhd9gwlq-396cab40bb723a21b63aa1b99a5c3470\">\n.avia-section.av-mhd9gwlq-396cab40bb723a21b63aa1b99a5c3470{\nbackground-repeat:no-repeat;\nbackground-image:url(https:\/\/souri-verte.com\/wp-content\/uploads\/2025\/11\/calculatrice-flou.jpg);\nbackground-position:50% 50%;\nbackground-attachment:fixed;\n}\n.avia-section.av-mhd9gwlq-396cab40bb723a21b63aa1b99a5c3470 .av-section-color-overlay{\nopacity:0.8;\nbackground-color:#ffffff;\n}\n<\/style>\n<div id='av_section_1'  class='avia-section av-mhd9gwlq-396cab40bb723a21b63aa1b99a5c3470 alternate_color avia-section-default avia-no-shadow  avia-builder-el-0  avia-builder-el-no-sibling  avia-full-stretch avia-bg-style-fixed av-section-color-overlay-active av-minimum-height av-minimum-height-50 av-height-50  container_wrap sidebar_right'  data-section-bg-repeat='stretch' data-av_minimum_height_pc='50' data-av_min_height_opt='50'><div class=\"av-section-color-overlay-wrap\"><div class=\"av-section-color-overlay\"><\/div><div class='container av-section-cont-open' ><main  role=\"main\" itemprop=\"mainContentOfPage\"  class='template-page content  av-content-small alpha units'><div class='post-entry post-entry-type-page post-entry-1294'><div class='entry-content-wrapper clearfix'>\n<div class='flex_column_table av-3adoni-4c046a8a5f33f2a9e52c65c72cbd83bc sc-av_two_fifth av-equal-height-column-flextable'><div  class='flex_column av-3adoni-4c046a8a5f33f2a9e52c65c72cbd83bc av_two_fifth  avia-builder-el-1  el_before_av_three_fifth  avia-builder-el-first  first flex_column_table_cell av-equal-height-column av-align-middle av-parallax-object  ' data-parallax=\"{&quot;parallax&quot;:&quot;bottom_top&quot;,&quot;parallax_speed&quot;:&quot;&quot;,&quot;av-desktop-parallax&quot;:&quot;inherit&quot;,&quot;av-desktop-parallax_speed&quot;:&quot;inherit&quot;,&quot;av-medium-parallax&quot;:&quot;inherit&quot;,&quot;av-medium-parallax_speed&quot;:&quot;inherit&quot;,&quot;av-small-parallax&quot;:&quot;inherit&quot;,&quot;av-small-parallax_speed&quot;:&quot;inherit&quot;,&quot;av-mini-parallax&quot;:&quot;inherit&quot;,&quot;av-mini-parallax_speed&quot;:&quot;inherit&quot;,&quot;parallax-container&quot;:&quot;.av-3adoni-4c046a8a5f33f2a9e52c65c72cbd83bc&quot;}\"    ><style type=\"text\/css\" data-created_by=\"avia_inline_auto\" id=\"style-css-av-mhd9e5ak-ea6748977c2908ae71fe8da15096265f\">\n.avia-image-container.av-mhd9e5ak-ea6748977c2908ae71fe8da15096265f img.avia_image{\nbox-shadow:none;\n}\n.avia-image-container.av-mhd9e5ak-ea6748977c2908ae71fe8da15096265f .av-image-caption-overlay-center{\ncolor:#ffffff;\n}\n<\/style>\n<div  class='avia-image-container av-mhd9e5ak-ea6748977c2908ae71fe8da15096265f av-styling- avia-align-center  avia-builder-el-2  avia-builder-el-no-sibling '   itemprop=\"image\" itemscope=\"itemscope\" itemtype=\"https:\/\/schema.org\/ImageObject\" ><div class=\"avia-image-container-inner\"><div class=\"avia-image-overlay-wrap\"><img decoding=\"async\" fetchpriority=\"high\" class='wp-image-1296 avia-img-lazy-loading-not-1296 avia_image ' src=\"https:\/\/souri-verte.com\/wp-content\/uploads\/2025\/11\/souris-verte-calculatrice.png\" alt='' title='souris verte calculatrice'  height=\"995\" width=\"1280\"  itemprop=\"thumbnailUrl\" srcset=\"https:\/\/souri-verte.com\/wp-content\/uploads\/2025\/11\/souris-verte-calculatrice.png 1280w, https:\/\/souri-verte.com\/wp-content\/uploads\/2025\/11\/souris-verte-calculatrice-300x233.png 300w, https:\/\/souri-verte.com\/wp-content\/uploads\/2025\/11\/souris-verte-calculatrice-1030x801.png 1030w, https:\/\/souri-verte.com\/wp-content\/uploads\/2025\/11\/souris-verte-calculatrice-768x597.png 768w, https:\/\/souri-verte.com\/wp-content\/uploads\/2025\/11\/souris-verte-calculatrice-705x548.png 705w\" sizes=\"(max-width: 1280px) 100vw, 1280px\" \/><\/div><\/div><\/div><\/div><div class='av-flex-placeholder'><\/div>\n<style type=\"text\/css\" data-created_by=\"avia_inline_auto\" id=\"style-css-av-32kdc6-b842c8dcdca7bf1b062d7f96ac74658a\">\n.avia_transform .flex_column.av-32kdc6-b842c8dcdca7bf1b062d7f96ac74658a{\nanimation-duration:3s;\n}\n<\/style>\n<div  class='flex_column av-32kdc6-b842c8dcdca7bf1b062d7f96ac74658a av_three_fifth  avia-builder-el-3  el_after_av_two_fifth  el_before_av_two_fifth  flex_column_table_cell av-equal-height-column av-align-middle av-animated-generic fade-in  '     ><p>\n<style type=\"text\/css\" data-created_by=\"avia_inline_auto\" id=\"style-css-av-mhd9enxg-8862ef652b06df4571e249f349e53b0a\">\n#top .av-special-heading.av-mhd9enxg-8862ef652b06df4571e249f349e53b0a{\npadding-bottom:10px;\ncolor:#0a0a0a;\nfont-size:100px;\n}\nbody .av-special-heading.av-mhd9enxg-8862ef652b06df4571e249f349e53b0a .av-special-heading-tag .heading-char{\nfont-size:25px;\n}\n#top #wrap_all .av-special-heading.av-mhd9enxg-8862ef652b06df4571e249f349e53b0a .av-special-heading-tag{\nfont-size:100px;\n}\n.av-special-heading.av-mhd9enxg-8862ef652b06df4571e249f349e53b0a .special-heading-inner-border{\nborder-color:#0a0a0a;\n}\n.av-special-heading.av-mhd9enxg-8862ef652b06df4571e249f349e53b0a .av-subheading{\nfont-size:15px;\n}\n\n@media only screen and (max-width: 479px){ \n#top #wrap_all .av-special-heading.av-mhd9enxg-8862ef652b06df4571e249f349e53b0a .av-special-heading-tag{\nfont-size:56px;\n}\n}\n\n@media only screen and (min-width: 480px) and (max-width: 767px){ \n#top #wrap_all .av-special-heading.av-mhd9enxg-8862ef652b06df4571e249f349e53b0a .av-special-heading-tag{\nfont-size:0.8em;\n}\n}\n<\/style>\n<div  class='av-special-heading av-mhd9enxg-8862ef652b06df4571e249f349e53b0a av-special-heading-h1 custom-color-heading blockquote modern-quote  avia-builder-el-4  el_before_av_textblock  avia-builder-el-first  av-inherit-size'><h1 class='av-special-heading-tag '  itemprop=\"headline\"  >devis<\/h1><div class=\"special-heading-border\"><div class=\"special-heading-inner-border\"><\/div><\/div><\/div><br \/>\n\n<style type=\"text\/css\" data-created_by=\"avia_inline_auto\" id=\"style-css-av-mhd9ffey-c2de0e1ff8bb399237a41daa7ad84e87\">\n#top .av_textblock_section.av-mhd9ffey-c2de0e1ff8bb399237a41daa7ad84e87 .avia_textblock{\nfont-size:16px;\ncolor:#0a0a0a;\n}\n<\/style>\n<section  class='av_textblock_section av-mhd9ffey-c2de0e1ff8bb399237a41daa7ad84e87 '   itemscope=\"itemscope\" itemtype=\"https:\/\/schema.org\/CreativeWork\" ><div class='avia_textblock av_inherit_color'  itemprop=\"text\" ><p>Contactez-nous pour obtenir un estimatif pour vos projets de cr\u00e9ations publicitaires. Celui-ci vous sera communiqu\u00e9 \u00e0 titre indicatif. Le co\u00fbt peut varier en fonction de la complexit\u00e9 de la demande.<\/p>\n<\/div><\/section><\/p><\/div><\/div><!--close column table wrapper. Autoclose: 1 -->\n<style type=\"text\/css\" data-created_by=\"avia_inline_auto\" id=\"style-css-av-2o5m6m-260f4cc195357561496cdba6c5f1e9b7\">\n.avia_transform .flex_column.av-2o5m6m-260f4cc195357561496cdba6c5f1e9b7{\nanimation-duration:2s;\n}\n<\/style>\n<div  class='flex_column av-2o5m6m-260f4cc195357561496cdba6c5f1e9b7 av_two_fifth  avia-builder-el-6  el_after_av_three_fifth  el_before_av_three_fifth  first flex_column_div av-animated-generic fade-in av-parallax-object  ' data-parallax=\"{&quot;parallax&quot;:&quot;bottom_top&quot;,&quot;parallax_speed&quot;:&quot;60&quot;,&quot;av-desktop-parallax&quot;:&quot;inherit&quot;,&quot;av-desktop-parallax_speed&quot;:&quot;inherit&quot;,&quot;av-medium-parallax&quot;:&quot;inherit&quot;,&quot;av-medium-parallax_speed&quot;:&quot;inherit&quot;,&quot;av-small-parallax&quot;:&quot;inherit&quot;,&quot;av-small-parallax_speed&quot;:&quot;inherit&quot;,&quot;av-mini-parallax&quot;:&quot;inherit&quot;,&quot;av-mini-parallax_speed&quot;:&quot;inherit&quot;,&quot;parallax-container&quot;:&quot;.av-2o5m6m-260f4cc195357561496cdba6c5f1e9b7&quot;}\"    ><style type=\"text\/css\" data-created_by=\"avia_inline_auto\" id=\"style-css-av-mhm48hga-f947125e8da321d49ea793c00aa58215\">\n.avia-image-container.av-mhm48hga-f947125e8da321d49ea793c00aa58215{\nposition:absolute;\ntop:400px;\n}\n.avia-image-container.av-mhm48hga-f947125e8da321d49ea793c00aa58215 img.avia_image{\nbox-shadow:none;\n}\n.avia-image-container.av-mhm48hga-f947125e8da321d49ea793c00aa58215 .av-image-caption-overlay-center{\ncolor:#ffffff;\n}\n<\/style>\n<div  class='avia-image-container av-mhm48hga-f947125e8da321d49ea793c00aa58215 av-styling- avia-align-center  avia-builder-el-7  avia-builder-el-no-sibling  av-custom-positioned'   itemprop=\"image\" itemscope=\"itemscope\" itemtype=\"https:\/\/schema.org\/ImageObject\" ><div class=\"avia-image-container-inner\"><div class=\"avia-image-overlay-wrap\"><img decoding=\"async\" fetchpriority=\"high\" class='wp-image-210 avia-img-lazy-loading-not-210 avia_image ' src=\"https:\/\/souri-verte.com\/wp-content\/uploads\/2025\/10\/souris-pouce.png\" alt='' title='souris-pouce'  height=\"745\" width=\"800\"  itemprop=\"thumbnailUrl\" srcset=\"https:\/\/souri-verte.com\/wp-content\/uploads\/2025\/10\/souris-pouce.png 800w, https:\/\/souri-verte.com\/wp-content\/uploads\/2025\/10\/souris-pouce-300x279.png 300w, https:\/\/souri-verte.com\/wp-content\/uploads\/2025\/10\/souris-pouce-768x715.png 768w, https:\/\/souri-verte.com\/wp-content\/uploads\/2025\/10\/souris-pouce-705x657.png 705w\" sizes=\"(max-width: 800px) 100vw, 800px\" \/><\/div><\/div><\/div><\/div><div  class='flex_column av-c1yo4e-0e02e9998c6602bf843cd8b6fb560c06 av_three_fifth  avia-builder-el-8  el_after_av_two_fifth  avia-builder-el-last  flex_column_div  '     ><form action=\"https:\/\/souri-verte.com\/index.php\/contact-2\/\" method=\"post\" data-fields-with-error=\"Erreurs trouv\u00e9es dans les champs suivants :\" class=\"avia_ajax_form av-form-labels-visible   avia-builder-el-9  avia-builder-el-no-sibling  av-custom-form-color av-dark-form \" data-avia-form-id=\"1\" data-avia-redirect=''  aria-label='Formulaire de contact' ><fieldset><p class='  first_form  form_element form_element_half' id='element_avia_1_1'><label for=\"avia_1_1\">Nom <abbr class=\"required\" title=\"requis(e)\">*<\/abbr><\/label> <input name=\"avia_1_1\" class=\"text_input is_empty\" type=\"text\" id=\"avia_1_1\" value=\"\" \/><\/p><p class='  form_element form_element_half' id='element_avia_2_1'><label for=\"avia_2_1\">Entreprise <abbr class=\"required\" title=\"requis(e)\">*<\/abbr><\/label> <input name=\"avia_2_1\" class=\"text_input is_empty\" type=\"text\" id=\"avia_2_1\" value=\"\" \/><\/p><p class='  first_form  form_element form_element_half' id='element_avia_3_1'><label for=\"avia_3_1\">E-Mail <abbr class=\"required\" title=\"requis(e)\">*<\/abbr><\/label> <input name=\"avia_3_1\" class=\"text_input is_email\" type=\"text\" id=\"avia_3_1\" value=\"\" \/><\/p><p class='  form_element form_element_half' id='element_avia_4_1'><label for=\"avia_4_1\">T\u00e9l\u00e9phone<\/label> <input name=\"avia_4_1\" class=\"text_input \" type=\"text\" id=\"avia_4_1\" value=\"\" \/><\/p><p class='  first_form  form_element form_fullwidth' id='element_avia_5_1'><label for=\"avia_5_1\">Service demand\u00e9<\/label><select  name=\"avia_5_1\" class=\"select \" id=\"avia_5_1\"><option   value='Site Internet'>Site Internet<\/option><option   value='Newsletter'>Newsletter<\/option><option   value='R\u00e9seaux sociaux'>R\u00e9seaux sociaux<\/option><option   value='Montage vid\u00e9o'>Montage vid\u00e9o<\/option><option   value='Brochure \/ Catalogue'>Brochure \/ Catalogue<\/option><option   value='Flyers'>Flyers<\/option><option   value='Affiche'>Affiche<\/option><option   value='Carte de visite'>Carte de visite<\/option><option   value='Cr\u00e9ation de logo'>Cr\u00e9ation de logo<\/option><option   value='Charte graphique'>Charte graphique<\/option><\/select><\/p><p class='  first_form  form_element form_fullwidth av-last-visible-form-element' id='element_avia_6_1'><label for=\"avia_6_1\" class=\"textare_label hidden textare_label_avia_6_1\">Autre demande (pr\u00e9cisez)<\/label><textarea  name=\"avia_6_1\" class=\"text_area \" cols=\"40\" rows=\"7\" id=\"avia_6_1\" ><\/textarea><\/p><p class=\"hidden\"><input type=\"text\" name=\"avia_7_1\" class=\"hidden \" id=\"avia_7_1\" value=\"\" \/><\/p><p class=\"form_element \"><input type=\"hidden\" value=\"1\" name=\"avia_generated_form1\" \/><input type=\"submit\" value=\"Valider\" class=\"button\"  data-sending-label=\"Envoi\"\/><\/p><\/fieldset><\/form><div id=\"ajaxresponse_1\" class=\"ajaxresponse ajaxresponse_1 hidden\"><\/div><\/div><\/div><\/div><\/main><!-- close content main element --><\/div><\/div><\/div><div id='after_section_1'  class='main_color av_default_container_wrap container_wrap sidebar_right'  ><div class='container av-section-cont-open' ><div class='template-page content  av-content-small alpha units'><div class='post-entry post-entry-type-page post-entry-1294'><div class='entry-content-wrapper clearfix'>\n","protected":false},"excerpt":{"rendered":"","protected":false},"author":1,"featured_media":0,"parent":0,"menu_order":0,"comment_status":"closed","ping_status":"closed","template":"","meta":{"footnotes":""},"class_list":["post-1294","page","type-page","status-publish","hentry"],"yoast_head":"<!-- This site is optimized with the Yoast SEO plugin v26.3 - https:\/\/yoast.com\/wordpress\/plugins\/seo\/ -->\n<title>Contacter La Souri Verte pour vos questions sur nos services - Agence Souri Verte<\/title>\n<meta name=\"description\" content=\"Contacter La Souri Verte pour des informations sur nos services. Nous sommes l\u00e0 pour r\u00e9pondre \u00e0 toutes vos questions rapidement.\" \/>\n<meta name=\"robots\" content=\"index, follow, max-snippet:-1, max-image-preview:large, max-video-preview:-1\" \/>\n<link rel=\"canonical\" href=\"https:\/\/souri-verte.com\/index.php\/contact-2\/\" \/>\n<meta property=\"og:locale\" content=\"fr_FR\" \/>\n<meta property=\"og:type\" content=\"article\" \/>\n<meta property=\"og:title\" content=\"Contacter La Souri Verte pour vos questions sur nos services - Agence Souri Verte\" \/>\n<meta property=\"og:description\" content=\"Contacter La Souri Verte pour des informations sur nos services. Nous sommes l\u00e0 pour r\u00e9pondre \u00e0 toutes vos questions rapidement.\" \/>\n<meta property=\"og:url\" content=\"https:\/\/souri-verte.com\/index.php\/contact-2\/\" \/>\n<meta property=\"og:site_name\" content=\"Agence Souri Verte\" \/>\n<meta property=\"article:modified_time\" content=\"2025-11-05T15:02:22+00:00\" \/>\n<meta property=\"og:image\" content=\"https:\/\/souri-verte.com\/wp-content\/uploads\/2025\/10\/BG-accueil-souriverte.jpg\" \/>\n\t<meta property=\"og:image:width\" content=\"2535\" \/>\n\t<meta property=\"og:image:height\" content=\"816\" \/>\n\t<meta property=\"og:image:type\" content=\"image\/jpeg\" \/>\n<meta name=\"twitter:card\" content=\"summary_large_image\" \/>\n<meta name=\"twitter:label1\" content=\"Dur\u00e9e de lecture estim\u00e9e\" \/>\n\t<meta name=\"twitter:data1\" content=\"1 minute\" \/>\n<script type=\"application\/ld+json\" class=\"yoast-schema-graph\">{\"@context\":\"https:\/\/schema.org\",\"@graph\":[{\"@type\":\"WebPage\",\"@id\":\"https:\/\/souri-verte.com\/index.php\/contact-2\/\",\"url\":\"https:\/\/souri-verte.com\/index.php\/contact-2\/\",\"name\":\"Contacter La Souri Verte pour vos questions sur nos services - Agence Souri Verte\",\"isPartOf\":{\"@id\":\"https:\/\/souri-verte.com\/#website\"},\"datePublished\":\"2025-11-05T14:37:14+00:00\",\"dateModified\":\"2025-11-05T15:02:22+00:00\",\"description\":\"Contacter La Souri Verte pour des informations sur nos services. Nous sommes l\u00e0 pour r\u00e9pondre \u00e0 toutes vos questions rapidement.\",\"breadcrumb\":{\"@id\":\"https:\/\/souri-verte.com\/index.php\/contact-2\/#breadcrumb\"},\"inLanguage\":\"fr-FR\",\"potentialAction\":[{\"@type\":\"ReadAction\",\"target\":[\"https:\/\/souri-verte.com\/index.php\/contact-2\/\"]}]},{\"@type\":\"BreadcrumbList\",\"@id\":\"https:\/\/souri-verte.com\/index.php\/contact-2\/#breadcrumb\",\"itemListElement\":[{\"@type\":\"ListItem\",\"position\":1,\"name\":\"Accueil\",\"item\":\"https:\/\/souri-verte.com\/index.php\/accueil\/\"},{\"@type\":\"ListItem\",\"position\":2,\"name\":\"Demande de devis\"}]},{\"@type\":\"WebSite\",\"@id\":\"https:\/\/souri-verte.com\/#website\",\"url\":\"https:\/\/souri-verte.com\/\",\"name\":\"Agence Souri Verte\",\"description\":\"infographie publicitaire \u00e0 Valenciennes\",\"publisher\":{\"@id\":\"https:\/\/souri-verte.com\/#organization\"},\"potentialAction\":[{\"@type\":\"SearchAction\",\"target\":{\"@type\":\"EntryPoint\",\"urlTemplate\":\"https:\/\/souri-verte.com\/?s={search_term_string}\"},\"query-input\":{\"@type\":\"PropertyValueSpecification\",\"valueRequired\":true,\"valueName\":\"search_term_string\"}}],\"inLanguage\":\"fr-FR\"},{\"@type\":\"Organization\",\"@id\":\"https:\/\/souri-verte.com\/#organization\",\"name\":\"Souri Verte\",\"url\":\"https:\/\/souri-verte.com\/\",\"logo\":{\"@type\":\"ImageObject\",\"inLanguage\":\"fr-FR\",\"@id\":\"https:\/\/souri-verte.com\/#\/schema\/logo\/image\/\",\"url\":\"https:\/\/souri-verte.com\/wp-content\/uploads\/2025\/10\/cropped-FAVICON-1.png\",\"contentUrl\":\"https:\/\/souri-verte.com\/wp-content\/uploads\/2025\/10\/cropped-FAVICON-1.png\",\"width\":512,\"height\":512,\"caption\":\"Souri Verte\"},\"image\":{\"@id\":\"https:\/\/souri-verte.com\/#\/schema\/logo\/image\/\"}}]}<\/script>\n<!-- \/ Yoast SEO plugin. -->","yoast_head_json":{"title":"Contacter La Souri Verte pour vos questions sur nos services - Agence Souri Verte","description":"Contacter La Souri Verte pour des informations sur nos services. Nous sommes l\u00e0 pour r\u00e9pondre \u00e0 toutes vos questions rapidement.","robots":{"index":"index","follow":"follow","max-snippet":"max-snippet:-1","max-image-preview":"max-image-preview:large","max-video-preview":"max-video-preview:-1"},"canonical":"https:\/\/souri-verte.com\/index.php\/contact-2\/","og_locale":"fr_FR","og_type":"article","og_title":"Contacter La Souri Verte pour vos questions sur nos services - Agence Souri Verte","og_description":"Contacter La Souri Verte pour des informations sur nos services. Nous sommes l\u00e0 pour r\u00e9pondre \u00e0 toutes vos questions rapidement.","og_url":"https:\/\/souri-verte.com\/index.php\/contact-2\/","og_site_name":"Agence Souri Verte","article_modified_time":"2025-11-05T15:02:22+00:00","og_image":[{"width":2535,"height":816,"url":"https:\/\/souri-verte.com\/wp-content\/uploads\/2025\/10\/BG-accueil-souriverte.jpg","type":"image\/jpeg"}],"twitter_card":"summary_large_image","twitter_misc":{"Dur\u00e9e de lecture estim\u00e9e":"1 minute"},"schema":{"@context":"https:\/\/schema.org","@graph":[{"@type":"WebPage","@id":"https:\/\/souri-verte.com\/index.php\/contact-2\/","url":"https:\/\/souri-verte.com\/index.php\/contact-2\/","name":"Contacter La Souri Verte pour vos questions sur nos services - Agence Souri Verte","isPartOf":{"@id":"https:\/\/souri-verte.com\/#website"},"datePublished":"2025-11-05T14:37:14+00:00","dateModified":"2025-11-05T15:02:22+00:00","description":"Contacter La Souri Verte pour des informations sur nos services. Nous sommes l\u00e0 pour r\u00e9pondre \u00e0 toutes vos questions rapidement.","breadcrumb":{"@id":"https:\/\/souri-verte.com\/index.php\/contact-2\/#breadcrumb"},"inLanguage":"fr-FR","potentialAction":[{"@type":"ReadAction","target":["https:\/\/souri-verte.com\/index.php\/contact-2\/"]}]},{"@type":"BreadcrumbList","@id":"https:\/\/souri-verte.com\/index.php\/contact-2\/#breadcrumb","itemListElement":[{"@type":"ListItem","position":1,"name":"Accueil","item":"https:\/\/souri-verte.com\/index.php\/accueil\/"},{"@type":"ListItem","position":2,"name":"Demande de devis"}]},{"@type":"WebSite","@id":"https:\/\/souri-verte.com\/#website","url":"https:\/\/souri-verte.com\/","name":"Agence Souri Verte","description":"infographie publicitaire \u00e0 Valenciennes","publisher":{"@id":"https:\/\/souri-verte.com\/#organization"},"potentialAction":[{"@type":"SearchAction","target":{"@type":"EntryPoint","urlTemplate":"https:\/\/souri-verte.com\/?s={search_term_string}"},"query-input":{"@type":"PropertyValueSpecification","valueRequired":true,"valueName":"search_term_string"}}],"inLanguage":"fr-FR"},{"@type":"Organization","@id":"https:\/\/souri-verte.com\/#organization","name":"Souri Verte","url":"https:\/\/souri-verte.com\/","logo":{"@type":"ImageObject","inLanguage":"fr-FR","@id":"https:\/\/souri-verte.com\/#\/schema\/logo\/image\/","url":"https:\/\/souri-verte.com\/wp-content\/uploads\/2025\/10\/cropped-FAVICON-1.png","contentUrl":"https:\/\/souri-verte.com\/wp-content\/uploads\/2025\/10\/cropped-FAVICON-1.png","width":512,"height":512,"caption":"Souri Verte"},"image":{"@id":"https:\/\/souri-verte.com\/#\/schema\/logo\/image\/"}}]}},"_links":{"self":[{"href":"https:\/\/souri-verte.com\/index.php\/wp-json\/wp\/v2\/pages\/1294","targetHints":{"allow":["GET"]}}],"collection":[{"href":"https:\/\/souri-verte.com\/index.php\/wp-json\/wp\/v2\/pages"}],"about":[{"href":"https:\/\/souri-verte.com\/index.php\/wp-json\/wp\/v2\/types\/page"}],"author":[{"embeddable":true,"href":"https:\/\/souri-verte.com\/index.php\/wp-json\/wp\/v2\/users\/1"}],"replies":[{"embeddable":true,"href":"https:\/\/souri-verte.com\/index.php\/wp-json\/wp\/v2\/comments?post=1294"}],"version-history":[{"count":25,"href":"https:\/\/souri-verte.com\/index.php\/wp-json\/wp\/v2\/pages\/1294\/revisions"}],"predecessor-version":[{"id":1327,"href":"https:\/\/souri-verte.com\/index.php\/wp-json\/wp\/v2\/pages\/1294\/revisions\/1327"}],"wp:attachment":[{"href":"https:\/\/souri-verte.com\/index.php\/wp-json\/wp\/v2\/media?parent=1294"}],"curies":[{"name":"wp","href":"https:\/\/api.w.org\/{rel}","templated":true}]}}